{"id":52,"date":"2022-06-27T13:00:38","date_gmt":"2022-06-27T11:00:38","guid":{"rendered":"http:\/\/jcp.junetz.de\/?page_id=52"},"modified":"2026-04-10T10:22:25","modified_gmt":"2026-04-10T08:22:25","slug":"kontakt-und-impressum","status":"publish","type":"page","link":"http:\/\/jcp.junetz.de\/?page_id=52","title":{"rendered":"Kontakt und Impressum"},"content":{"rendered":"\n<p>Jugendclub Praunheim<br>Alt Praunheim 2 <br>60488 Frankfurt am Main <br>Tel.: +49 69 15341561<br>Mobil: +49 155 65740752<br>Mail: j&#117;&#103;&#x65;&#x6e;&#x64;c&#108;&#117;&#x62;&#x2d;&#x70;ra&#117;&#x6e;&#x68;&#x65;im&#64;&#101;&#x76;&#x6b;&#x6a;&#46;&#100;&#101;<br>Instagram: <a href=\"https:\/\/www.instagram.com\/jugendclub.praunheim\/\">https:\/\/www.instagram.com\/jugendclub.praunheim\/<\/a><br><br>Der Jugendclub Praunheim ist eine Einrichtung des<br><a href=\"https:\/\/www.jugendsozialarbeit-evangelisch.de\/\" data-type=\"link\" data-id=\"https:\/\/www.jugendsozialarbeit-evangelisch.de\/\">Evangelischen Vereins f\u00fcr Kinder- und Jugendhilfe Rhein-Main e.V.<\/a><\/p>\n\n\n\n<figure class=\"wp-block-image size-full is-resized\"><img loading=\"lazy\" decoding=\"async\" width=\"786\" height=\"629\" src=\"https:\/\/jcp.junetz.de\/wp-content\/uploads\/2026\/04\/RGB_evkj-logo-subline-blue-RGB.png\" alt=\"\" class=\"wp-image-258\" style=\"aspect-ratio:1;width:281px;height:auto\" srcset=\"http:\/\/jcp.junetz.de\/wp-content\/uploads\/2026\/04\/RGB_evkj-logo-subline-blue-RGB.png 786w, http:\/\/jcp.junetz.de\/wp-content\/uploads\/2026\/04\/RGB_evkj-logo-subline-blue-RGB-300x240.png 300w, http:\/\/jcp.junetz.de\/wp-content\/uploads\/2026\/04\/RGB_evkj-logo-subline-blue-RGB-768x615.png 768w, http:\/\/jcp.junetz.de\/wp-content\/uploads\/2026\/04\/RGB_evkj-logo-subline-blue-RGB-540x432.png 540w\" sizes=\"auto, (max-width: 786px) 100vw, 786px\" \/><\/figure>\n\n\n\n<p>Evangelischer Verein f\u00fcr Kinder- und Jugendhilfe Rhein-Main e.V.<br>Rechneigrabenstra\u00dfe 10<br>60311 Frankfurt am Main,<br>Vereinsregister Nr: 7698 beim Amtsgericht Frankfurt<br>Vorsitzender: Pfarrer J\u00fcrgen Mattis<br>Gesch\u00e4ftsf\u00fchrung: Miriam Walter<br>Telefon: 069 92105 6900<br>Fax: 069 92105 6999<br>E-Mail: &#101;&#118;&#x2e;v&#101;&#x72;&#x65;i&#110;&#x40;&#x66;r&#97;&#x6e;k&#102;&#x75;&#x72;t&#45;&#x65;&#x76;a&#110;&#x67;e&#108;&#x69;&#x73;c&#104;&#x2e;&#x64;e<\/p>\n\n\n\n<p>Wir sind nicht bereit oder verpflichtet, an Streitbeilegungsverfahren vor einer Verbraucherschlichtungsstelle teilzunehmen.<\/p>\n\n\n\n<div class=\"wp-block-group alignfull\"><div class=\"wp-block-group__inner-container is-layout-constrained wp-block-group-is-layout-constrained\">\n<div class=\"wp-block-group alignfull wp-block-main-header\"><div class=\"wp-block-group__inner-container is-layout-constrained wp-block-group-is-layout-constrained\">\n<div class=\"wp-block-group alignwide is-content-justification-space-between is-layout-flex wp-container-core-group-is-layout-cada6f3b wp-block-group-is-layout-flex\" style=\"padding-top:var(--wp--custom--spacing--extra-small);padding-bottom:var(--wp--custom--spacing--extra-small)\">\n<div class=\"wp-block-group is-layout-flex wp-block-group-is-layout-flex\">\n<div class=\"wp-block-buttons is-layout-flex wp-block-buttons-is-layout-flex\"><\/div>\n<\/div>\n<\/div>\n<\/div><\/div>\n<\/div><\/div>\n\n\n\n<p><\/p>\n\n\n\n<p><br><strong>Haftung f\u00fcr Inhalte<\/strong><br>Als Diensteanbieter sind wir gem\u00e4\u00df \u00a7 7 Abs.1 TMG fur eigene Inhalte auf diesen Seiten nach den<br>allgemeinen Gesetzen verantwortlich. Nach \u00a7\u00a7 8 bis 10 TMG sind wir als Diensteanbieter jedoch nicht verpflichtet, \u00fcbermittelte oder gespeicherte fremde Informationen zu \u00fcberwachen oder nach Umst\u00e4nden zu forschen, die auf eine rechtswidrige T\u00e4tigkeit hinweisen.<br>Verpflichtungen zur Entfernung oder Sperrung der Nutzung von Informationen nach den allgemeinen Gesetzen bleiben hiervon unber\u00fchrt. Eine diesbez\u00fcgliche Haftung ist jedoch erst ab dem Zeitpunkt der Kenntnis einer konkreten Rechtsverletzung m\u00f6glich. Bei Bekanntwerden von entsprechenden Rechtsverletzungen werden wir diese Inhalte umgehend entfernen.<\/p>\n\n\n\n<p><strong>Haftung f\u00fcr Links<\/strong><br>Unser Angebot enth\u00e4lt Links zu externen Websites Dritter, auf deren Inhalte wir keinen Einfluss haben. Deshalb k\u00f6nnen wir f\u00fcr diese fremden Inhalte auch keine Gew\u00e4hr \u00fcbernehmen. F\u00fcr die Inhalte der verlinkten Seiten ist stets der jeweilige Anbieter oder Betreiber der Seiten verantwortlich. Die verlinkten Seiten wurden zum Zeitpunkt der Verlinkung auf m\u00f6gliche Rechtsverst\u00f6\u00dfe \u00fcberpr\u00fcft. Rechtswidrige Inhalte waren zum Zeitpunkt der Verlinkung nicht erkennbar. Eine permanente inhaltliche Kontrolle der verlinkten Seiten ist jedoch ohne konkrete Anhaltspunkte einer 2 \/ 4 Rechtsverletzung nicht zumutbar. Bei Bekanntwerden von Rechtsverletzungen werden wir derartige Links umgehend entfernen.<\/p>\n\n\n\n<p><strong>Urheberrecht<\/strong><br>Die durch die Seitenbetreiber erstellten Inhalte und Werke auf diesen Seiten unterliegen dem deutschen Urheberrecht. Die Vervielf\u00e4ltigung, Bearbeitung, Verbreitung und jede Art der Verwertung au\u00dferhalb der Grenzen des Urheberrechtes bed\u00fcrfen der schriftlichen Zustimmung des jeweiligen Autors bzw. Erstellers. Downloads und Kopien dieser Seite sind nur f\u00fcr den privaten, nicht kommerziellen Gebrauch gestattet. Soweit die Inhalte auf dieser Seite nicht vom Betreiber erstellt wurden, werden die Urheberrechte Dritter beachtet. Insbesondere werden Inhalte Dritter als solche gekennzeichnet. Sollten Sie trotzdem auf eine Urheberrechtsverletzung aufmerksam werden, bitten wir um einen entsprechenden Hinweis. Bei Bekanntwerden von Rechtsverletzungen werden wir derartige Inhalte umgehend entfernen.<\/p>\n","protected":false},"excerpt":{"rendered":"<p>Jugendclub PraunheimAlt Praunheim 2 60488 Frankfurt am Main Tel.: +49 69 15341561Mobil: +49 155 65740752Mail: &#106;&#x75;&#103;&#x65;n&#100;&#x63;&#108;&#x75;b&#x2d;p&#114;&#x61;&#117;&#x6e;h&#x65;&#x69;&#109;&#x40;e&#x76;k&#106;&#x2e;&#100;&#x65;Instagram: https:\/\/www.instagram.com\/jugendclub.praunheim\/ Der Jugendclub Praunheim ist eine Einrichtung desEvangelischen Vereins f\u00fcr Kinder- und&hellip;<\/p>\n","protected":false},"author":1,"featured_media":0,"parent":0,"menu_order":0,"comment_status":"closed","ping_status":"closed","template":"","meta":{"pgc_sgb_lightbox_settings":"","footnotes":""},"class_list":["post-52","page","type-page","status-publish","has-post-thumbnail","hentry"],"_links":{"self":[{"href":"http:\/\/jcp.junetz.de\/index.php?rest_route=\/wp\/v2\/pages\/52","targetHints":{"allow":["GET"]}}],"collection":[{"href":"http:\/\/jcp.junetz.de\/index.php?rest_route=\/wp\/v2\/pages"}],"about":[{"href":"http:\/\/jcp.junetz.de\/index.php?rest_route=\/wp\/v2\/types\/page"}],"author":[{"embeddable":true,"href":"http:\/\/jcp.junetz.de\/index.php?rest_route=\/wp\/v2\/users\/1"}],"replies":[{"embeddable":true,"href":"http:\/\/jcp.junetz.de\/index.php?rest_route=%2Fwp%2Fv2%2Fcomments&post=52"}],"version-history":[{"count":9,"href":"http:\/\/jcp.junetz.de\/index.php?rest_route=\/wp\/v2\/pages\/52\/revisions"}],"predecessor-version":[{"id":259,"href":"http:\/\/jcp.junetz.de\/index.php?rest_route=\/wp\/v2\/pages\/52\/revisions\/259"}],"wp:attachment":[{"href":"http:\/\/jcp.junetz.de\/index.php?rest_route=%2Fwp%2Fv2%2Fmedia&parent=52"}],"curies":[{"name":"wp","href":"https:\/\/api.w.org\/{rel}","templated":true}]}}